{"id":435,"date":"2023-09-01T10:14:48","date_gmt":"2023-09-01T07:14:48","guid":{"rendered":"https:\/\/gorselmakina.com\/?page_id=435"},"modified":"2023-09-01T10:15:47","modified_gmt":"2023-09-01T07:15:47","slug":"yedek-parca","status":"publish","type":"page","link":"https:\/\/gorselmakina.com\/index.php\/yedek-parca\/","title":{"rendered":"Yedek Par\u00e7a"},"content":{"rendered":"\t\t<div data-elementor-type=\"wp-page\" data-elementor-id=\"435\" class=\"elementor elementor-435\" data-elementor-post-type=\"page\">\n\t\t\t\t\t\t<section class=\"elementor-section elementor-top-section elementor-element elementor-element-6b24a710 elementor-section-height-min-height elementor-section-boxed elementor-section-height-default elementor-section-items-middle\" data-id=\"6b24a710\" data-element_type=\"section\" data-e-type=\"section\" data-settings=\"{&quot;background_background&quot;:&quot;classic&quot;}\">\n\t\t\t\t\t\t<div class=\"elementor-container elementor-column-gap-default\">\n\t\t\t\t\t<div class=\"elementor-column elementor-col-100 elementor-top-column elementor-element elementor-element-4333657d\" data-id=\"4333657d\" data-element_type=\"column\" data-e-type=\"column\">\n\t\t\t<div class=\"elementor-widget-wrap elementor-element-populated\">\n\t\t\t\t\t\t<div class=\"elementor-element elementor-element-67f20172 elementor-widget elementor-widget-heading\" data-id=\"67f20172\" data-element_type=\"widget\" data-e-type=\"widget\" data-widget_type=\"heading.default\">\n\t\t\t\t<div class=\"elementor-widget-container\">\n\t\t\t\t\t<h2 class=\"elementor-heading-title elementor-size-default\">Yedek Par\u00e7a<\/h2>\t\t\t\t<\/div>\n\t\t\t\t<\/div>\n\t\t\t\t<div class=\"elementor-element elementor-element-5165c57d elementor-widget elementor-widget-text-editor\" data-id=\"5165c57d\" data-element_type=\"widget\" data-e-type=\"widget\" data-widget_type=\"text-editor.default\">\n\t\t\t\t<div class=\"elementor-widget-container\">\n\t\t\t\t\t\t\t\t\t<p><a href=\"https:\/\/gorselmakina.com\/\">Ana Sayfa<\/a> &#8211; Yedek Par\u00e7a<\/p>\t\t\t\t\t\t\t\t<\/div>\n\t\t\t\t<\/div>\n\t\t\t\t\t<\/div>\n\t\t<\/div>\n\t\t\t\t\t<\/div>\n\t\t<\/section>\n\t\t\t\t<section class=\"elementor-section elementor-top-section elementor-element elementor-element-5791e87c elementor-section-boxed elementor-section-height-default elementor-section-height-default\" data-id=\"5791e87c\" data-element_type=\"section\" data-e-type=\"section\">\n\t\t\t\t\t\t<div class=\"elementor-container elementor-column-gap-default\">\n\t\t\t\t\t<div class=\"elementor-column elementor-col-50 elementor-top-column elementor-element elementor-element-2ac84bbb\" data-id=\"2ac84bbb\" data-element_type=\"column\" data-e-type=\"column\">\n\t\t\t<div class=\"elementor-widget-wrap elementor-element-populated\">\n\t\t\t\t\t\t<div class=\"elementor-element elementor-element-474ce713 elementor-widget elementor-widget-image\" data-id=\"474ce713\" data-element_type=\"widget\" data-e-type=\"widget\" data-widget_type=\"image.default\">\n\t\t\t\t<div class=\"elementor-widget-container\">\n\t\t\t\t\t\t\t\t\t\t\t\t\t\t\t<img fetchpriority=\"high\" decoding=\"async\" width=\"1920\" height=\"700\" src=\"https:\/\/gorselmakina.com\/wp-content\/uploads\/2023\/08\/quarry-bucket-excavator-works-in-a-slag-dump-PWSARGCa.jpg\" class=\"attachment-full size-full wp-image-80\" alt=\"\" srcset=\"https:\/\/gorselmakina.com\/wp-content\/uploads\/2023\/08\/quarry-bucket-excavator-works-in-a-slag-dump-PWSARGCa.jpg 1920w, https:\/\/gorselmakina.com\/wp-content\/uploads\/2023\/08\/quarry-bucket-excavator-works-in-a-slag-dump-PWSARGCa-300x109.jpg 300w, https:\/\/gorselmakina.com\/wp-content\/uploads\/2023\/08\/quarry-bucket-excavator-works-in-a-slag-dump-PWSARGCa-1024x373.jpg 1024w, https:\/\/gorselmakina.com\/wp-content\/uploads\/2023\/08\/quarry-bucket-excavator-works-in-a-slag-dump-PWSARGCa-768x280.jpg 768w, https:\/\/gorselmakina.com\/wp-content\/uploads\/2023\/08\/quarry-bucket-excavator-works-in-a-slag-dump-PWSARGCa-1536x560.jpg 1536w, https:\/\/gorselmakina.com\/wp-content\/uploads\/2023\/08\/quarry-bucket-excavator-works-in-a-slag-dump-PWSARGCa-1568x572.jpg 1568w\" sizes=\"(max-width: 1920px) 100vw, 1920px\" \/>\t\t\t\t\t\t\t\t\t\t\t\t\t\t\t<\/div>\n\t\t\t\t<\/div>\n\t\t\t\t<div class=\"elementor-element elementor-element-5d07fda5 elementor-widget elementor-widget-heading\" data-id=\"5d07fda5\" data-element_type=\"widget\" data-e-type=\"widget\" data-widget_type=\"heading.default\">\n\t\t\t\t<div class=\"elementor-widget-container\">\n\t\t\t\t\t<h3 class=\"elementor-heading-title elementor-size-default\">Orijinal Yedek Par\u00e7alar<\/h3>\t\t\t\t<\/div>\n\t\t\t\t<\/div>\n\t\t\t\t<div class=\"elementor-element elementor-element-3af09044 elementor-widget elementor-widget-text-editor\" data-id=\"3af09044\" data-element_type=\"widget\" data-e-type=\"widget\" data-widget_type=\"text-editor.default\">\n\t\t\t\t<div class=\"elementor-widget-container\">\n\t\t\t\t\t\t\t\t\t<p>Ara\u00e7lar\u0131n\u0131z\u0131n performans\u0131n\u0131n ve verimlili\u011finin s\u00fcreklili\u011fi i\u00e7in G\u00f6rsel Makina olarak orijinal yedek par\u00e7a kullan\u0131lmas\u0131n\u0131n \u00f6nemli oldu\u011funu vurgulamaktay\u0131z. Orijinal yedek par\u00e7alar, arac\u0131n\u0131z\u0131n \u00f6mr\u00fcn\u00fc uzatarak maksimum performans alman\u0131z\u0131 garanti alt\u0131na almaktad\u0131r.<\/p><p>T\u0131pk\u0131 bir\u00e7ok \u00fcretici gibi, G\u00f6rsel Makina olarak da orijinal yedek par\u00e7alar\u0131m\u0131z\u0131 kapsaml\u0131 testlere tabi tutmaktay\u0131z. Dayan\u0131kl\u0131l\u0131k, verimlilik ve g\u00fcvenlik gibi unsurlar, tasar\u0131m a\u015famas\u0131nda ele al\u0131nmakta ve \u00fcretim buna g\u00f6re y\u00fcr\u00fct\u00fclmektedir. \u00dcretim s\u00fcrecinden sevkiyata ve stoklama a\u015famalar\u0131na kadar belli standartlara uygunlu\u011fu ve kaliteyi garanti ediyoruz.<\/p><p>Bu t\u00fcr par\u00e7alar\u0131n g\u00fcvenilirli\u011fi kesindir. Ancak yan sanayi par\u00e7alar\u0131n nerede \u00fcretildi\u011fi belirsiz oldu\u011fu i\u00e7in gelecekte ne t\u00fcr sorunlar olu\u015fturabilece\u011fini \u00f6nceden kestirmek m\u00fcmk\u00fcn de\u011fildir. Orijinal yedek par\u00e7a kullan\u0131m\u0131, kullan\u0131c\u0131lar\u0131n can g\u00fcvenli\u011fi ve \u00e7evre sa\u011fl\u0131\u011f\u0131 a\u00e7\u0131s\u0131ndan da kritik \u00f6neme sahiptir.<\/p><p>Orijinal yedek par\u00e7a, makineniz i\u00e7in en ideal yedek par\u00e7ad\u0131r. Orijinal yedek par\u00e7a sayesinde, cihaz\u0131n\u0131z\u0131n ilk g\u00fcnk\u00fc performans\u0131 korunmaktad\u0131r. Kullan\u0131m \u00f6mr\u00fc daha uzun oldu\u011fu i\u00e7in, uzun vadede ekonomik bir se\u00e7enektir.<\/p><p>G\u00f6rsel Makina olarak, orijinal yedek par\u00e7alar\u0131 do\u011frudan son kullan\u0131c\u0131lara de\u011fil, yetkili servisler arac\u0131l\u0131\u011f\u0131yla m\u00fc\u015fterilerimize sunmaktay\u0131z.<\/p><p>Ana firmalar\u0131n \u00fcretim s\u00fcrecinde kulland\u0131\u011f\u0131 t\u00fcm par\u00e7alar ve t\u00fcketim malzemeleri, aksesuarlar da orijinal yedek par\u00e7a kapsam\u0131ndad\u0131r. \u0130lk bak\u0131\u015fta pahal\u0131 gibi g\u00f6r\u00fcnen orijinal yedek par\u00e7alar, asl\u0131nda uyum ve g\u00fcvenlik a\u00e7\u0131s\u0131ndan de\u011ferlendirildi\u011finde \u00e7ok daha ekonomik ve g\u00fcvenli bir se\u00e7enektir. Makinaya zarar vermeyece\u011fi kesindir.<\/p><p>D\u00fc\u015f\u00fck kaliteli yedek par\u00e7alar ve konusunda uzman olmayan, e\u011fitimsiz at\u00f6lyelerin ger\u00e7ekle\u015ftirdi\u011fi bak\u0131m ve onar\u0131mlar, bu \u015fartlar\u0131 yerine getiremez ve g\u00fcvenlik riskleri ile kalite sorunlar\u0131na yol a\u00e7abilir.<\/p><p>Orijinal yedek par\u00e7alar i\u00e7in beklenen kalite standartlar\u0131na uyuldu\u011fu garantilidir.<\/p>\t\t\t\t\t\t\t\t<\/div>\n\t\t\t\t<\/div>\n\t\t\t\t\t<\/div>\n\t\t<\/div>\n\t\t\t\t<div class=\"elementor-column elementor-col-50 elementor-top-column elementor-element elementor-element-75163916\" data-id=\"75163916\" data-element_type=\"column\" data-e-type=\"column\">\n\t\t\t<div class=\"elementor-widget-wrap elementor-element-populated\">\n\t\t\t\t\t\t<section class=\"elementor-section elementor-inner-section elementor-element elementor-element-19f3efe elementor-section-boxed elementor-section-height-default elementor-section-height-default\" data-id=\"19f3efe\" data-element_type=\"section\" data-e-type=\"section\">\n\t\t\t\t\t\t<div class=\"elementor-container elementor-column-gap-default\">\n\t\t\t\t\t<div class=\"elementor-column elementor-col-100 elementor-inner-column elementor-element elementor-element-f646e9b\" data-id=\"f646e9b\" data-element_type=\"column\" data-e-type=\"column\" data-settings=\"{&quot;background_background&quot;:&quot;classic&quot;}\">\n\t\t\t<div class=\"elementor-widget-wrap elementor-element-populated\">\n\t\t\t\t\t\t<div class=\"elementor-element elementor-element-35973cf elementor-widget elementor-widget-heading\" data-id=\"35973cf\" data-element_type=\"widget\" data-e-type=\"widget\" data-widget_type=\"heading.default\">\n\t\t\t\t<div class=\"elementor-widget-container\">\n\t\t\t\t\t<h3 class=\"elementor-heading-title elementor-size-default\">\u00dcr\u00fcnlerimiz<\/h3>\t\t\t\t<\/div>\n\t\t\t\t<\/div>\n\t\t\t\t<div class=\"elementor-element elementor-element-4d1b7f7 elementor-icon-list--layout-traditional elementor-list-item-link-full_width elementor-widget elementor-widget-icon-list\" data-id=\"4d1b7f7\" data-element_type=\"widget\" data-e-type=\"widget\" data-widget_type=\"icon-list.default\">\n\t\t\t\t<div class=\"elementor-widget-container\">\n\t\t\t\t\t\t\t<ul class=\"elementor-icon-list-items\">\n\t\t\t\t\t\t\t<li class=\"elementor-icon-list-item\">\n\t\t\t\t\t\t\t\t\t\t\t<a href=\"https:\/\/gorselmakina.com\/index.php\/urunlerimiz\/hyundai-elektrikli-forklift\/\">\n\n\t\t\t\t\t\t\t\t\t\t\t\t<span class=\"elementor-icon-list-icon\">\n\t\t\t\t\t\t\t<i aria-hidden=\"true\" class=\"far fa-plus-square\"><\/i>\t\t\t\t\t\t<\/span>\n\t\t\t\t\t\t\t\t\t\t<span class=\"elementor-icon-list-text\">Hyundai Elektriki Forklift<\/span>\n\t\t\t\t\t\t\t\t\t\t\t<\/a>\n\t\t\t\t\t\t\t\t\t<\/li>\n\t\t\t\t\t\t\t\t<li class=\"elementor-icon-list-item\">\n\t\t\t\t\t\t\t\t\t\t\t<a href=\"https:\/\/gorselmakina.com\/index.php\/urunlerimiz\/hyundai-dizel-forklift\/\">\n\n\t\t\t\t\t\t\t\t\t\t\t\t<span class=\"elementor-icon-list-icon\">\n\t\t\t\t\t\t\t<i aria-hidden=\"true\" class=\"far fa-plus-square\"><\/i>\t\t\t\t\t\t<\/span>\n\t\t\t\t\t\t\t\t\t\t<span class=\"elementor-icon-list-text\">Hyundai Dizel Foklift<\/span>\n\t\t\t\t\t\t\t\t\t\t\t<\/a>\n\t\t\t\t\t\t\t\t\t<\/li>\n\t\t\t\t\t\t\t\t<li class=\"elementor-icon-list-item\">\n\t\t\t\t\t\t\t\t\t\t\t<a href=\"https:\/\/gorselmakina.com\/index.php\/urunlerimiz\/hyundai-lpg-forklift\/\">\n\n\t\t\t\t\t\t\t\t\t\t\t\t<span class=\"elementor-icon-list-icon\">\n\t\t\t\t\t\t\t<i aria-hidden=\"true\" class=\"far fa-plus-square\"><\/i>\t\t\t\t\t\t<\/span>\n\t\t\t\t\t\t\t\t\t\t<span class=\"elementor-icon-list-text\">Hyundai LPG Forklift<\/span>\n\t\t\t\t\t\t\t\t\t\t\t<\/a>\n\t\t\t\t\t\t\t\t\t<\/li>\n\t\t\t\t\t\t\t\t<li class=\"elementor-icon-list-item\">\n\t\t\t\t\t\t\t\t\t\t\t<a href=\"http:\/\/elektr\">\n\n\t\t\t\t\t\t\t\t\t\t\t\t<span class=\"elementor-icon-list-icon\">\n\t\t\t\t\t\t\t<i aria-hidden=\"true\" class=\"far fa-plus-square\"><\/i>\t\t\t\t\t\t<\/span>\n\t\t\t\t\t\t\t\t\t\t<span class=\"elementor-icon-list-text\">Hyundai Elektrikli \u0130stifleyici<\/span>\n\t\t\t\t\t\t\t\t\t\t\t<\/a>\n\t\t\t\t\t\t\t\t\t<\/li>\n\t\t\t\t\t\t<\/ul>\n\t\t\t\t\t\t<\/div>\n\t\t\t\t<\/div>\n\t\t\t\t\t<\/div>\n\t\t<\/div>\n\t\t\t\t\t<\/div>\n\t\t<\/section>\n\t\t\t\t\t<\/div>\n\t\t<\/div>\n\t\t\t\t\t<\/div>\n\t\t<\/section>\n\t\t\t\t<\/div>\n\t\t","protected":false},"excerpt":{"rendered":"<p>Yedek Par\u00e7a Ana Sayfa &#8211; Yedek Par\u00e7a Orijinal Yedek Par\u00e7alar Ara\u00e7lar\u0131n\u0131z\u0131n performans\u0131n\u0131n ve verimlili\u011finin s\u00fcreklili\u011fi i\u00e7in G\u00f6rsel Makina olarak orijinal yedek par\u00e7a kullan\u0131lmas\u0131n\u0131n \u00f6nemli oldu\u011funu vurgulamaktay\u0131z. Orijinal yedek par\u00e7alar, arac\u0131n\u0131z\u0131n \u00f6mr\u00fcn\u00fc uzatarak maksimum performans alman\u0131z\u0131 garanti alt\u0131na almaktad\u0131r. T\u0131pk\u0131 bir\u00e7ok \u00fcretici gibi, G\u00f6rsel Makina olarak da orijinal yedek par\u00e7alar\u0131m\u0131z\u0131 kapsaml\u0131 testlere tabi tutmaktay\u0131z. Dayan\u0131kl\u0131l\u0131k, verimlilik &hellip; <\/p>\n<p class=\"link-more\"><a href=\"https:\/\/gorselmakina.com\/index.php\/yedek-parca\/\" class=\"more-link\">Okumaya devam et<span class=\"screen-reader-text\"> &#8220;Yedek Par\u00e7a&#8221;<\/span><\/a><\/p>\n","protected":false},"author":1,"featured_media":0,"parent":0,"menu_order":0,"comment_status":"closed","ping_status":"closed","template":"elementor_header_footer","meta":{"footnotes":""},"class_list":["post-435","page","type-page","status-publish","hentry","entry"],"_links":{"self":[{"href":"https:\/\/gorselmakina.com\/index.php\/wp-json\/wp\/v2\/pages\/435","targetHints":{"allow":["GET"]}}],"collection":[{"href":"https:\/\/gorselmakina.com\/index.php\/wp-json\/wp\/v2\/pages"}],"about":[{"href":"https:\/\/gorselmakina.com\/index.php\/wp-json\/wp\/v2\/types\/page"}],"author":[{"embeddable":true,"href":"https:\/\/gorselmakina.com\/index.php\/wp-json\/wp\/v2\/users\/1"}],"replies":[{"embeddable":true,"href":"https:\/\/gorselmakina.com\/index.php\/wp-json\/wp\/v2\/comments?post=435"}],"version-history":[{"count":4,"href":"https:\/\/gorselmakina.com\/index.php\/wp-json\/wp\/v2\/pages\/435\/revisions"}],"predecessor-version":[{"id":439,"href":"https:\/\/gorselmakina.com\/index.php\/wp-json\/wp\/v2\/pages\/435\/revisions\/439"}],"wp:attachment":[{"href":"https:\/\/gorselmakina.com\/index.php\/wp-json\/wp\/v2\/media?parent=435"}],"curies":[{"name":"wp","href":"https:\/\/api.w.org\/{rel}","templated":true}]}}