{"id":354,"date":"2023-09-01T09:56:14","date_gmt":"2023-09-01T06:56:14","guid":{"rendered":"https:\/\/gorselmakina.com\/?page_id=354"},"modified":"2023-09-01T09:56:50","modified_gmt":"2023-09-01T06:56:50","slug":"70df-7","status":"publish","type":"page","link":"https:\/\/gorselmakina.com\/index.php\/urunlerimiz\/hyundai-dizel-forklift\/70df-7\/","title":{"rendered":"70DF-7"},"content":{"rendered":"\t\t<div data-elementor-type=\"wp-page\" data-elementor-id=\"354\" class=\"elementor elementor-354\" data-elementor-post-type=\"page\">\n\t\t\t\t\t\t<section class=\"elementor-section elementor-top-section elementor-element elementor-element-67aa8c8 elementor-section-height-min-height elementor-section-boxed elementor-section-height-default elementor-section-items-middle\" data-id=\"67aa8c8\" data-element_type=\"section\" data-e-type=\"section\" data-settings=\"{&quot;background_background&quot;:&quot;classic&quot;}\">\n\t\t\t\t\t\t<div class=\"elementor-container elementor-column-gap-default\">\n\t\t\t\t\t<div class=\"elementor-column elementor-col-100 elementor-top-column elementor-element elementor-element-3340309d\" data-id=\"3340309d\" data-element_type=\"column\" data-e-type=\"column\">\n\t\t\t<div class=\"elementor-widget-wrap elementor-element-populated\">\n\t\t\t\t\t\t<div class=\"elementor-element elementor-element-2e689a07 elementor-widget elementor-widget-text-editor\" data-id=\"2e689a07\" data-element_type=\"widget\" data-e-type=\"widget\" data-widget_type=\"text-editor.default\">\n\t\t\t\t<div class=\"elementor-widget-container\">\n\t\t\t\t\t\t\t\t\t<p><a href=\"https:\/\/gorselmakina.com\/\">Ana Sayfa<\/a> &#8211; <a href=\"https:\/\/gorselmakina.com\/index.php\/urunlerimiz\/\">\u00dcr\u00fcnlerimiz<\/a> &#8211; <a href=\"https:\/\/gorselmakina.com\/index.php\/urunlerimiz\/hyundai-dizel-forklift\/\">Hyundai Dizel Forklift<\/a><\/p>\t\t\t\t\t\t\t\t<\/div>\n\t\t\t\t<\/div>\n\t\t\t\t\t<\/div>\n\t\t<\/div>\n\t\t\t\t\t<\/div>\n\t\t<\/section>\n\t\t\t\t<section class=\"elementor-section elementor-top-section elementor-element elementor-element-f210001 elementor-section-boxed elementor-section-height-default elementor-section-height-default\" data-id=\"f210001\" data-element_type=\"section\" data-e-type=\"section\">\n\t\t\t\t\t\t<div class=\"elementor-container elementor-column-gap-default\">\n\t\t\t\t\t<div class=\"elementor-column elementor-col-50 elementor-top-column elementor-element elementor-element-45d2ac2\" data-id=\"45d2ac2\" data-element_type=\"column\" data-e-type=\"column\">\n\t\t\t<div class=\"elementor-widget-wrap elementor-element-populated\">\n\t\t\t\t\t\t<div class=\"elementor-element elementor-element-3c92e4e elementor-widget elementor-widget-heading\" data-id=\"3c92e4e\" data-element_type=\"widget\" data-e-type=\"widget\" data-widget_type=\"heading.default\">\n\t\t\t\t<div class=\"elementor-widget-container\">\n\t\t\t\t\t<h3 class=\"elementor-heading-title elementor-size-default\">HYUNDAI 70DF-7<\/h3>\t\t\t\t<\/div>\n\t\t\t\t<\/div>\n\t\t\t\t<div class=\"elementor-element elementor-element-a1e905a elementor-widget elementor-widget-image-gallery\" data-id=\"a1e905a\" data-element_type=\"widget\" data-e-type=\"widget\" data-widget_type=\"image-gallery.default\">\n\t\t\t\t<div class=\"elementor-widget-container\">\n\t\t\t\t\t\t\t<div class=\"elementor-image-gallery\">\n\t\t\t<div id='gallery-1' class='gallery galleryid-354 gallery-columns-4 gallery-size-thumbnail'><figure class='gallery-item'>\n\t\t\t<div class='gallery-icon landscape'>\n\t\t\t\t<a data-elementor-open-lightbox=\"yes\" data-elementor-lightbox-slideshow=\"a1e905a\" data-elementor-lightbox-title=\"151820bt-9-85041\" data-e-action-hash=\"#elementor-action%3Aaction%3Dlightbox%26settings%3DeyJpZCI6MjQzLCJ1cmwiOiJodHRwczpcL1wvZ29yc2VsbWFraW5hLmNvbVwvd3AtY29udGVudFwvdXBsb2Fkc1wvMjAyM1wvMDlcLzE1MTgyMGJ0LTktODUwNDEucG5nIiwic2xpZGVzaG93IjoiYTFlOTA1YSJ9\" href='https:\/\/gorselmakina.com\/wp-content\/uploads\/2023\/09\/151820bt-9-85041.png'><img decoding=\"async\" width=\"150\" height=\"150\" src=\"https:\/\/gorselmakina.com\/wp-content\/uploads\/2023\/09\/151820bt-9-85041-150x150.png\" class=\"attachment-thumbnail size-thumbnail\" alt=\"\" \/><\/a>\n\t\t\t<\/div><\/figure>\n\t\t<\/div>\n\t\t<\/div>\n\t\t\t\t\t\t<\/div>\n\t\t\t\t<\/div>\n\t\t\t\t<div class=\"elementor-element elementor-element-107baa2 elementor-icon-list--layout-inline elementor-align-center elementor-list-item-link-full_width elementor-widget elementor-widget-icon-list\" data-id=\"107baa2\" data-element_type=\"widget\" data-e-type=\"widget\" data-widget_type=\"icon-list.default\">\n\t\t\t\t<div class=\"elementor-widget-container\">\n\t\t\t\t\t\t\t<ul class=\"elementor-icon-list-items elementor-inline-items\">\n\t\t\t\t\t\t\t<li class=\"elementor-icon-list-item elementor-inline-item\">\n\t\t\t\t\t\t\t\t\t\t\t<span class=\"elementor-icon-list-icon\">\n\t\t\t\t\t\t\t<i aria-hidden=\"true\" class=\"fas fa-weight-hanging\"><\/i>\t\t\t\t\t\t<\/span>\n\t\t\t\t\t\t\t\t\t\t<span class=\"elementor-icon-list-text\">6,2 t - 7,0 t<\/span>\n\t\t\t\t\t\t\t\t\t<\/li>\n\t\t\t\t\t\t\t\t<li class=\"elementor-icon-list-item elementor-inline-item\">\n\t\t\t\t\t\t\t\t\t\t\t<span class=\"elementor-icon-list-icon\">\n\t\t\t\t\t\t\t<i aria-hidden=\"true\" class=\"fas fa-arrows-alt-h\"><\/i>\t\t\t\t\t\t<\/span>\n\t\t\t\t\t\t\t\t\t\t<span class=\"elementor-icon-list-text\">2,730 m - 6,060 m<\/span>\n\t\t\t\t\t\t\t\t\t<\/li>\n\t\t\t\t\t\t<\/ul>\n\t\t\t\t\t\t<\/div>\n\t\t\t\t<\/div>\n\t\t\t\t<div class=\"elementor-element elementor-element-06e5a9b elementor-widget elementor-widget-text-editor\" data-id=\"06e5a9b\" data-element_type=\"widget\" data-e-type=\"widget\" data-widget_type=\"text-editor.default\">\n\t\t\t\t<div class=\"elementor-widget-container\">\n\t\t\t\t\t\t\t\t\t<p class=\"font8\">\u00b7\u00a0\u00a0\u00a0 <span class=\"color12\">G\u00fc\u00e7l\u00fc HMC D4DD Motor<\/span><\/p><p class=\"font8\">\u00b7\u00a0\u00a0\u00a0 <span class=\"color12\">Son derece dayan\u0131kl\u0131, ayr\u0131labilir tip tahrik aks\u0131<\/span><\/p><p class=\"font8\">\u00b7\u00a0\u00a0\u00a0 <span class=\"color12\">Bak\u0131m kolayl\u0131\u011f\u0131 i\u00e7in merkezi tasar\u0131m<\/span><\/p><p class=\"font8\">\u00b7\u00a0\u00a0\u00a0 <span class=\"color12\">Entegre \u00e7atal konumland\u0131r\u0131c\u0131 ta\u015f\u0131y\u0131c\u0131 (OPS)<\/span><\/p><p class=\"font8\"><span class=\"color12\">\u00b7\u00a0\u00a0\u00a0 <\/span><span class=\"color12\">Entegre yana kayd\u0131rma (OPS<\/span><\/p><p>\u00a0<\/p><p class=\"font8\"><strong>MOTOR:<\/strong>\u00a0HYUNDAI HMC D4DD dizel motor 74 kW \/ 2.500 rpm<br \/><strong>TA\u015eIMA KAPAS\u0130TES\u0130:<\/strong>\u00a07.000 kg<\/p>\t\t\t\t\t\t\t\t<\/div>\n\t\t\t\t<\/div>\n\t\t\t\t\t<\/div>\n\t\t<\/div>\n\t\t\t\t<div class=\"elementor-column elementor-col-50 elementor-top-column elementor-element elementor-element-caa276a\" data-id=\"caa276a\" data-element_type=\"column\" data-e-type=\"column\">\n\t\t\t<div class=\"elementor-widget-wrap elementor-element-populated\">\n\t\t\t\t\t\t<section class=\"elementor-section elementor-inner-section elementor-element elementor-element-7546565 elementor-section-boxed elementor-section-height-default elementor-section-height-default\" data-id=\"7546565\" data-element_type=\"section\" data-e-type=\"section\">\n\t\t\t\t\t\t<div class=\"elementor-container elementor-column-gap-default\">\n\t\t\t\t\t<div class=\"elementor-column elementor-col-100 elementor-inner-column elementor-element elementor-element-4c3eca0\" data-id=\"4c3eca0\" data-element_type=\"column\" data-e-type=\"column\" data-settings=\"{&quot;background_background&quot;:&quot;classic&quot;}\">\n\t\t\t<div class=\"elementor-widget-wrap elementor-element-populated\">\n\t\t\t\t\t\t<div class=\"elementor-element elementor-element-3cef35d elementor-widget elementor-widget-heading\" data-id=\"3cef35d\" data-element_type=\"widget\" data-e-type=\"widget\" data-widget_type=\"heading.default\">\n\t\t\t\t<div class=\"elementor-widget-container\">\n\t\t\t\t\t<h3 class=\"elementor-heading-title elementor-size-default\">\u00dcr\u00fcnlerimiz<\/h3>\t\t\t\t<\/div>\n\t\t\t\t<\/div>\n\t\t\t\t<div class=\"elementor-element elementor-element-0976a91 elementor-icon-list--layout-traditional elementor-list-item-link-full_width elementor-widget elementor-widget-icon-list\" data-id=\"0976a91\" data-element_type=\"widget\" data-e-type=\"widget\" data-widget_type=\"icon-list.default\">\n\t\t\t\t<div class=\"elementor-widget-container\">\n\t\t\t\t\t\t\t<ul class=\"elementor-icon-list-items\">\n\t\t\t\t\t\t\t<li class=\"elementor-icon-list-item\">\n\t\t\t\t\t\t\t\t\t\t\t<a href=\"https:\/\/gorselmakina.com\/index.php\/urunlerimiz\/hyundai-elektrikli-forklift\/\">\n\n\t\t\t\t\t\t\t\t\t\t\t\t<span class=\"elementor-icon-list-icon\">\n\t\t\t\t\t\t\t<i aria-hidden=\"true\" class=\"far fa-plus-square\"><\/i>\t\t\t\t\t\t<\/span>\n\t\t\t\t\t\t\t\t\t\t<span class=\"elementor-icon-list-text\">Hyundai Elektriki Forklift<\/span>\n\t\t\t\t\t\t\t\t\t\t\t<\/a>\n\t\t\t\t\t\t\t\t\t<\/li>\n\t\t\t\t\t\t\t\t<li class=\"elementor-icon-list-item\">\n\t\t\t\t\t\t\t\t\t\t\t<a href=\"https:\/\/gorselmakina.com\/index.php\/urunlerimiz\/hyundai-dizel-forklift\/\">\n\n\t\t\t\t\t\t\t\t\t\t\t\t<span class=\"elementor-icon-list-icon\">\n\t\t\t\t\t\t\t<i aria-hidden=\"true\" class=\"far fa-plus-square\"><\/i>\t\t\t\t\t\t<\/span>\n\t\t\t\t\t\t\t\t\t\t<span class=\"elementor-icon-list-text\">Hyundai Dizel Foklift<\/span>\n\t\t\t\t\t\t\t\t\t\t\t<\/a>\n\t\t\t\t\t\t\t\t\t<\/li>\n\t\t\t\t\t\t\t\t<li class=\"elementor-icon-list-item\">\n\t\t\t\t\t\t\t\t\t\t\t<a href=\"https:\/\/gorselmakina.com\/index.php\/urunlerimiz\/hyundai-lpg-forklift\/\">\n\n\t\t\t\t\t\t\t\t\t\t\t\t<span class=\"elementor-icon-list-icon\">\n\t\t\t\t\t\t\t<i aria-hidden=\"true\" class=\"far fa-plus-square\"><\/i>\t\t\t\t\t\t<\/span>\n\t\t\t\t\t\t\t\t\t\t<span class=\"elementor-icon-list-text\">Hyundai LPG Forklift<\/span>\n\t\t\t\t\t\t\t\t\t\t\t<\/a>\n\t\t\t\t\t\t\t\t\t<\/li>\n\t\t\t\t\t\t\t\t<li class=\"elementor-icon-list-item\">\n\t\t\t\t\t\t\t\t\t\t\t<a href=\"http:\/\/elektr\">\n\n\t\t\t\t\t\t\t\t\t\t\t\t<span class=\"elementor-icon-list-icon\">\n\t\t\t\t\t\t\t<i aria-hidden=\"true\" class=\"far fa-plus-square\"><\/i>\t\t\t\t\t\t<\/span>\n\t\t\t\t\t\t\t\t\t\t<span class=\"elementor-icon-list-text\">Hyundai Elektrikli \u0130stifleyici<\/span>\n\t\t\t\t\t\t\t\t\t\t\t<\/a>\n\t\t\t\t\t\t\t\t\t<\/li>\n\t\t\t\t\t\t<\/ul>\n\t\t\t\t\t\t<\/div>\n\t\t\t\t<\/div>\n\t\t\t\t\t<\/div>\n\t\t<\/div>\n\t\t\t\t\t<\/div>\n\t\t<\/section>\n\t\t\t\t\t<\/div>\n\t\t<\/div>\n\t\t\t\t\t<\/div>\n\t\t<\/section>\n\t\t\t\t<\/div>\n\t\t","protected":false},"excerpt":{"rendered":"<p>Ana Sayfa &#8211; \u00dcr\u00fcnlerimiz &#8211; Hyundai Dizel Forklift HYUNDAI 70DF-7 6,2 t &#8211; 7,0 t 2,730 m &#8211; 6,060 m \u00b7\u00a0\u00a0\u00a0 G\u00fc\u00e7l\u00fc HMC D4DD Motor \u00b7\u00a0\u00a0\u00a0 Son derece dayan\u0131kl\u0131, ayr\u0131labilir tip tahrik aks\u0131 \u00b7\u00a0\u00a0\u00a0 Bak\u0131m kolayl\u0131\u011f\u0131 i\u00e7in merkezi tasar\u0131m \u00b7\u00a0\u00a0\u00a0 Entegre \u00e7atal konumland\u0131r\u0131c\u0131 ta\u015f\u0131y\u0131c\u0131 (OPS) \u00b7\u00a0\u00a0\u00a0 Entegre yana kayd\u0131rma (OPS \u00a0 MOTOR:\u00a0HYUNDAI HMC D4DD dizel &hellip; <\/p>\n<p class=\"link-more\"><a href=\"https:\/\/gorselmakina.com\/index.php\/urunlerimiz\/hyundai-dizel-forklift\/70df-7\/\" class=\"more-link\">Okumaya devam et<span class=\"screen-reader-text\"> &#8220;70DF-7&#8221;<\/span><\/a><\/p>\n","protected":false},"author":1,"featured_media":0,"parent":180,"menu_order":0,"comment_status":"closed","ping_status":"closed","template":"elementor_header_footer","meta":{"footnotes":""},"class_list":["post-354","page","type-page","status-publish","hentry","entry"],"_links":{"self":[{"href":"https:\/\/gorselmakina.com\/index.php\/wp-json\/wp\/v2\/pages\/354","targetHints":{"allow":["GET"]}}],"collection":[{"href":"https:\/\/gorselmakina.com\/index.php\/wp-json\/wp\/v2\/pages"}],"about":[{"href":"https:\/\/gorselmakina.com\/index.php\/wp-json\/wp\/v2\/types\/page"}],"author":[{"embeddable":true,"href":"https:\/\/gorselmakina.com\/index.php\/wp-json\/wp\/v2\/users\/1"}],"replies":[{"embeddable":true,"href":"https:\/\/gorselmakina.com\/index.php\/wp-json\/wp\/v2\/comments?post=354"}],"version-history":[{"count":4,"href":"https:\/\/gorselmakina.com\/index.php\/wp-json\/wp\/v2\/pages\/354\/revisions"}],"predecessor-version":[{"id":368,"href":"https:\/\/gorselmakina.com\/index.php\/wp-json\/wp\/v2\/pages\/354\/revisions\/368"}],"up":[{"embeddable":true,"href":"https:\/\/gorselmakina.com\/index.php\/wp-json\/wp\/v2\/pages\/180"}],"wp:attachment":[{"href":"https:\/\/gorselmakina.com\/index.php\/wp-json\/wp\/v2\/media?parent=354"}],"curies":[{"name":"wp","href":"https:\/\/api.w.org\/{rel}","templated":true}]}}