{"id":309,"date":"2023-09-01T08:46:40","date_gmt":"2023-09-01T05:46:40","guid":{"rendered":"https:\/\/gorselmakina.com\/?page_id=309"},"modified":"2023-09-01T08:47:21","modified_gmt":"2023-09-01T05:47:21","slug":"20-25-30-35l-7sa","status":"publish","type":"page","link":"https:\/\/gorselmakina.com\/index.php\/urunlerimiz\/hyundai-lpg-forklift\/20-25-30-35l-7sa\/","title":{"rendered":"20\/25\/30\/35L-7SA"},"content":{"rendered":"\t\t<div data-elementor-type=\"wp-page\" data-elementor-id=\"309\" class=\"elementor elementor-309\" data-elementor-post-type=\"page\">\n\t\t\t\t\t\t<section class=\"elementor-section elementor-top-section elementor-element elementor-element-67aa8c8 elementor-section-height-min-height elementor-section-boxed elementor-section-height-default elementor-section-items-middle\" data-id=\"67aa8c8\" data-element_type=\"section\" data-e-type=\"section\" data-settings=\"{&quot;background_background&quot;:&quot;classic&quot;}\">\n\t\t\t\t\t\t<div class=\"elementor-container elementor-column-gap-default\">\n\t\t\t\t\t<div class=\"elementor-column elementor-col-100 elementor-top-column elementor-element elementor-element-3340309d\" data-id=\"3340309d\" data-element_type=\"column\" data-e-type=\"column\">\n\t\t\t<div class=\"elementor-widget-wrap elementor-element-populated\">\n\t\t\t\t\t\t<div class=\"elementor-element elementor-element-2e689a07 elementor-widget elementor-widget-text-editor\" data-id=\"2e689a07\" data-element_type=\"widget\" data-e-type=\"widget\" data-widget_type=\"text-editor.default\">\n\t\t\t\t<div class=\"elementor-widget-container\">\n\t\t\t\t\t\t\t\t\t<p><a href=\"https:\/\/gorselmakina.com\/\">Ana Sayfa<\/a> &#8211; <a href=\"https:\/\/gorselmakina.com\/index.php\/urunlerimiz\/\">\u00dcr\u00fcnlerimiz<\/a> &#8211; <a href=\"https:\/\/gorselmakina.com\/index.php\/urunlerimiz\/hyundai-lpg-forklift\/\">Hyundai LPG Forklift<\/a><\/p>\t\t\t\t\t\t\t\t<\/div>\n\t\t\t\t<\/div>\n\t\t\t\t\t<\/div>\n\t\t<\/div>\n\t\t\t\t\t<\/div>\n\t\t<\/section>\n\t\t\t\t<section class=\"elementor-section elementor-top-section elementor-element elementor-element-f210001 elementor-section-boxed elementor-section-height-default elementor-section-height-default\" data-id=\"f210001\" data-element_type=\"section\" data-e-type=\"section\">\n\t\t\t\t\t\t<div class=\"elementor-container elementor-column-gap-default\">\n\t\t\t\t\t<div class=\"elementor-column elementor-col-50 elementor-top-column elementor-element elementor-element-45d2ac2\" data-id=\"45d2ac2\" data-element_type=\"column\" data-e-type=\"column\">\n\t\t\t<div class=\"elementor-widget-wrap elementor-element-populated\">\n\t\t\t\t\t\t<div class=\"elementor-element elementor-element-3c92e4e elementor-widget elementor-widget-heading\" data-id=\"3c92e4e\" data-element_type=\"widget\" data-e-type=\"widget\" data-widget_type=\"heading.default\">\n\t\t\t\t<div class=\"elementor-widget-container\">\n\t\t\t\t\t<h3 class=\"elementor-heading-title elementor-size-default\">HYUNDAI 18L-7M<\/h3>\t\t\t\t<\/div>\n\t\t\t\t<\/div>\n\t\t\t\t<div class=\"elementor-element elementor-element-a1e905a elementor-widget elementor-widget-image-gallery\" data-id=\"a1e905a\" data-element_type=\"widget\" data-e-type=\"widget\" data-widget_type=\"image-gallery.default\">\n\t\t\t\t<div class=\"elementor-widget-container\">\n\t\t\t\t\t\t\t<div class=\"elementor-image-gallery\">\n\t\t\t<div id='gallery-1' class='gallery galleryid-309 gallery-columns-4 gallery-size-thumbnail'><figure class='gallery-item'>\n\t\t\t<div class='gallery-icon landscape'>\n\t\t\t\t<a data-elementor-open-lightbox=\"yes\" data-elementor-lightbox-slideshow=\"a1e905a\" data-elementor-lightbox-title=\"151820bt-9-85041\" data-e-action-hash=\"#elementor-action%3Aaction%3Dlightbox%26settings%3DeyJpZCI6MjQzLCJ1cmwiOiJodHRwczpcL1wvZ29yc2VsbWFraW5hLmNvbVwvd3AtY29udGVudFwvdXBsb2Fkc1wvMjAyM1wvMDlcLzE1MTgyMGJ0LTktODUwNDEucG5nIiwic2xpZGVzaG93IjoiYTFlOTA1YSJ9\" href='https:\/\/gorselmakina.com\/wp-content\/uploads\/2023\/09\/151820bt-9-85041.png'><img decoding=\"async\" width=\"150\" height=\"150\" src=\"https:\/\/gorselmakina.com\/wp-content\/uploads\/2023\/09\/151820bt-9-85041-150x150.png\" class=\"attachment-thumbnail size-thumbnail\" alt=\"\" \/><\/a>\n\t\t\t<\/div><\/figure>\n\t\t<\/div>\n\t\t<\/div>\n\t\t\t\t\t\t<\/div>\n\t\t\t\t<\/div>\n\t\t\t\t<div class=\"elementor-element elementor-element-107baa2 elementor-icon-list--layout-inline elementor-align-center elementor-list-item-link-full_width elementor-widget elementor-widget-icon-list\" data-id=\"107baa2\" data-element_type=\"widget\" data-e-type=\"widget\" data-widget_type=\"icon-list.default\">\n\t\t\t\t<div class=\"elementor-widget-container\">\n\t\t\t\t\t\t\t<ul class=\"elementor-icon-list-items elementor-inline-items\">\n\t\t\t\t\t\t\t<li class=\"elementor-icon-list-item elementor-inline-item\">\n\t\t\t\t\t\t\t\t\t\t\t<span class=\"elementor-icon-list-icon\">\n\t\t\t\t\t\t\t<i aria-hidden=\"true\" class=\"fas fa-weight-hanging\"><\/i>\t\t\t\t\t\t<\/span>\n\t\t\t\t\t\t\t\t\t\t<span class=\"elementor-icon-list-text\">2,0 t - 3,5 t<\/span>\n\t\t\t\t\t\t\t\t\t<\/li>\n\t\t\t\t\t\t\t\t<li class=\"elementor-icon-list-item elementor-inline-item\">\n\t\t\t\t\t\t\t\t\t\t\t<span class=\"elementor-icon-list-icon\">\n\t\t\t\t\t\t\t<i aria-hidden=\"true\" class=\"fas fa-arrows-alt-h\"><\/i>\t\t\t\t\t\t<\/span>\n\t\t\t\t\t\t\t\t\t\t<span class=\"elementor-icon-list-text\">3,000 m - 6,000 m<\/span>\n\t\t\t\t\t\t\t\t\t<\/li>\n\t\t\t\t\t\t<\/ul>\n\t\t\t\t\t\t<\/div>\n\t\t\t\t<\/div>\n\t\t\t\t<div class=\"elementor-element elementor-element-06e5a9b elementor-widget elementor-widget-text-editor\" data-id=\"06e5a9b\" data-element_type=\"widget\" data-e-type=\"widget\" data-widget_type=\"text-editor.default\">\n\t\t\t\t<div class=\"elementor-widget-container\">\n\t\t\t\t\t\t\t\t\t<p>T\u00fcm detaylar\u0131n titizlikle d\u00fc\u015f\u00fcn\u00fcld\u00fc\u011f\u00fc Hyundai forkliftlerde y\u00fcksek performans t\u00fcm makinalarda standart.Di\u011fer yandan makinan\u0131n g\u00fcvenlik ve verimlili\u011fi ile ilgili de her detay d\u00fc\u015f\u00fcn\u00fclm\u00fc\u015f.Gereksiz teknik ayr\u0131nt\u0131lar bir yana b\u0131rak\u0131lm\u0131\u015f.T\u00fcm par\u00e7alar Hyundai kalitesinde oldu\u011fundan ara\u00e7lar\u0131n en uzun sure operasyonda kullan\u0131lmas\u0131 sa\u011flan\u0131yor.<\/p><p>Y\u00fcksek teknolojik donan\u0131mlar\u0131n\u0131n yan\u0131 s\u0131ra, sideshift ata\u015fman\u0131, geri vites alarm\u0131, \u0131\u015f\u0131kland\u0131rma, sinyalizasyon, y\u00fck dayama kafesi, sa\u011f ve sol aynalar, 3\u2019l\u00fc valf, ayarlanabilir hidrolik direksiyon, tepe lambas\u0131 gibi \u00f6zellikler t\u00fcm Hyundai forkliftlerde standart olarak sunulmaktad\u0131r.<\/p><p><br \/><strong>25L-7M<\/strong>\u00a0<br \/><strong>MOTOR:<\/strong>\u00a0Nissan 3.0L LPG Motor\u00a037.4 kW \/ 2.400 rpm<br \/><strong>TA\u015eIMA KAPAS\u0130TES\u0130:<\/strong>\u00a02.500 kg<br \/><br \/><strong>30L-7M<\/strong>\u00a0<br \/><strong>MOTOR:<\/strong>\u00a0Nissan 3.0L LPG Motor\u00a037.4 kW \/ 2.400 rpm<br \/><strong>TA\u015eIMA KAPAS\u0130TES\u0130:<\/strong>3.000 kg<\/p>\t\t\t\t\t\t\t\t<\/div>\n\t\t\t\t<\/div>\n\t\t\t\t\t<\/div>\n\t\t<\/div>\n\t\t\t\t<div class=\"elementor-column elementor-col-50 elementor-top-column elementor-element elementor-element-caa276a\" data-id=\"caa276a\" data-element_type=\"column\" data-e-type=\"column\">\n\t\t\t<div class=\"elementor-widget-wrap elementor-element-populated\">\n\t\t\t\t\t\t<section class=\"elementor-section elementor-inner-section elementor-element elementor-element-7546565 elementor-section-boxed elementor-section-height-default elementor-section-height-default\" data-id=\"7546565\" data-element_type=\"section\" data-e-type=\"section\">\n\t\t\t\t\t\t<div class=\"elementor-container elementor-column-gap-default\">\n\t\t\t\t\t<div class=\"elementor-column elementor-col-100 elementor-inner-column elementor-element elementor-element-4c3eca0\" data-id=\"4c3eca0\" data-element_type=\"column\" data-e-type=\"column\" data-settings=\"{&quot;background_background&quot;:&quot;classic&quot;}\">\n\t\t\t<div class=\"elementor-widget-wrap elementor-element-populated\">\n\t\t\t\t\t\t<div class=\"elementor-element elementor-element-3cef35d elementor-widget elementor-widget-heading\" data-id=\"3cef35d\" data-element_type=\"widget\" data-e-type=\"widget\" data-widget_type=\"heading.default\">\n\t\t\t\t<div class=\"elementor-widget-container\">\n\t\t\t\t\t<h3 class=\"elementor-heading-title elementor-size-default\">\u00dcr\u00fcnlerimiz<\/h3>\t\t\t\t<\/div>\n\t\t\t\t<\/div>\n\t\t\t\t<div class=\"elementor-element elementor-element-0976a91 elementor-icon-list--layout-traditional elementor-list-item-link-full_width elementor-widget elementor-widget-icon-list\" data-id=\"0976a91\" data-element_type=\"widget\" data-e-type=\"widget\" data-widget_type=\"icon-list.default\">\n\t\t\t\t<div class=\"elementor-widget-container\">\n\t\t\t\t\t\t\t<ul class=\"elementor-icon-list-items\">\n\t\t\t\t\t\t\t<li class=\"elementor-icon-list-item\">\n\t\t\t\t\t\t\t\t\t\t\t<a href=\"https:\/\/gorselmakina.com\/index.php\/urunlerimiz\/hyundai-elektrikli-forklift\/\">\n\n\t\t\t\t\t\t\t\t\t\t\t\t<span class=\"elementor-icon-list-icon\">\n\t\t\t\t\t\t\t<i aria-hidden=\"true\" class=\"far fa-plus-square\"><\/i>\t\t\t\t\t\t<\/span>\n\t\t\t\t\t\t\t\t\t\t<span class=\"elementor-icon-list-text\">Hyundai Elektriki Forklift<\/span>\n\t\t\t\t\t\t\t\t\t\t\t<\/a>\n\t\t\t\t\t\t\t\t\t<\/li>\n\t\t\t\t\t\t\t\t<li class=\"elementor-icon-list-item\">\n\t\t\t\t\t\t\t\t\t\t\t<a href=\"https:\/\/gorselmakina.com\/index.php\/urunlerimiz\/hyundai-dizel-forklift\/\">\n\n\t\t\t\t\t\t\t\t\t\t\t\t<span class=\"elementor-icon-list-icon\">\n\t\t\t\t\t\t\t<i aria-hidden=\"true\" class=\"far fa-plus-square\"><\/i>\t\t\t\t\t\t<\/span>\n\t\t\t\t\t\t\t\t\t\t<span class=\"elementor-icon-list-text\">Hyundai Dizel Foklift<\/span>\n\t\t\t\t\t\t\t\t\t\t\t<\/a>\n\t\t\t\t\t\t\t\t\t<\/li>\n\t\t\t\t\t\t\t\t<li class=\"elementor-icon-list-item\">\n\t\t\t\t\t\t\t\t\t\t\t<a href=\"https:\/\/gorselmakina.com\/index.php\/urunlerimiz\/hyundai-lpg-forklift\/\">\n\n\t\t\t\t\t\t\t\t\t\t\t\t<span class=\"elementor-icon-list-icon\">\n\t\t\t\t\t\t\t<i aria-hidden=\"true\" class=\"far fa-plus-square\"><\/i>\t\t\t\t\t\t<\/span>\n\t\t\t\t\t\t\t\t\t\t<span class=\"elementor-icon-list-text\">Hyundai LPG Forklift<\/span>\n\t\t\t\t\t\t\t\t\t\t\t<\/a>\n\t\t\t\t\t\t\t\t\t<\/li>\n\t\t\t\t\t\t\t\t<li class=\"elementor-icon-list-item\">\n\t\t\t\t\t\t\t\t\t\t\t<a href=\"http:\/\/elektr\">\n\n\t\t\t\t\t\t\t\t\t\t\t\t<span class=\"elementor-icon-list-icon\">\n\t\t\t\t\t\t\t<i aria-hidden=\"true\" class=\"far fa-plus-square\"><\/i>\t\t\t\t\t\t<\/span>\n\t\t\t\t\t\t\t\t\t\t<span class=\"elementor-icon-list-text\">Hyundai Elektrikli \u0130stifleyici<\/span>\n\t\t\t\t\t\t\t\t\t\t\t<\/a>\n\t\t\t\t\t\t\t\t\t<\/li>\n\t\t\t\t\t\t<\/ul>\n\t\t\t\t\t\t<\/div>\n\t\t\t\t<\/div>\n\t\t\t\t\t<\/div>\n\t\t<\/div>\n\t\t\t\t\t<\/div>\n\t\t<\/section>\n\t\t\t\t\t<\/div>\n\t\t<\/div>\n\t\t\t\t\t<\/div>\n\t\t<\/section>\n\t\t\t\t<\/div>\n\t\t","protected":false},"excerpt":{"rendered":"<p>Ana Sayfa &#8211; \u00dcr\u00fcnlerimiz &#8211; Hyundai LPG Forklift HYUNDAI 18L-7M 2,0 t &#8211; 3,5 t 3,000 m &#8211; 6,000 m T\u00fcm detaylar\u0131n titizlikle d\u00fc\u015f\u00fcn\u00fcld\u00fc\u011f\u00fc Hyundai forkliftlerde y\u00fcksek performans t\u00fcm makinalarda standart.Di\u011fer yandan makinan\u0131n g\u00fcvenlik ve verimlili\u011fi ile ilgili de her detay d\u00fc\u015f\u00fcn\u00fclm\u00fc\u015f.Gereksiz teknik ayr\u0131nt\u0131lar bir yana b\u0131rak\u0131lm\u0131\u015f.T\u00fcm par\u00e7alar Hyundai kalitesinde oldu\u011fundan ara\u00e7lar\u0131n en uzun sure &hellip; <\/p>\n<p class=\"link-more\"><a href=\"https:\/\/gorselmakina.com\/index.php\/urunlerimiz\/hyundai-lpg-forklift\/20-25-30-35l-7sa\/\" class=\"more-link\">Okumaya devam et<span class=\"screen-reader-text\"> &#8220;20\/25\/30\/35L-7SA&#8221;<\/span><\/a><\/p>\n","protected":false},"author":1,"featured_media":0,"parent":186,"menu_order":0,"comment_status":"closed","ping_status":"closed","template":"elementor_header_footer","meta":{"footnotes":""},"class_list":["post-309","page","type-page","status-publish","hentry","entry"],"_links":{"self":[{"href":"https:\/\/gorselmakina.com\/index.php\/wp-json\/wp\/v2\/pages\/309","targetHints":{"allow":["GET"]}}],"collection":[{"href":"https:\/\/gorselmakina.com\/index.php\/wp-json\/wp\/v2\/pages"}],"about":[{"href":"https:\/\/gorselmakina.com\/index.php\/wp-json\/wp\/v2\/types\/page"}],"author":[{"embeddable":true,"href":"https:\/\/gorselmakina.com\/index.php\/wp-json\/wp\/v2\/users\/1"}],"replies":[{"embeddable":true,"href":"https:\/\/gorselmakina.com\/index.php\/wp-json\/wp\/v2\/comments?post=309"}],"version-history":[{"count":4,"href":"https:\/\/gorselmakina.com\/index.php\/wp-json\/wp\/v2\/pages\/309\/revisions"}],"predecessor-version":[{"id":313,"href":"https:\/\/gorselmakina.com\/index.php\/wp-json\/wp\/v2\/pages\/309\/revisions\/313"}],"up":[{"embeddable":true,"href":"https:\/\/gorselmakina.com\/index.php\/wp-json\/wp\/v2\/pages\/186"}],"wp:attachment":[{"href":"https:\/\/gorselmakina.com\/index.php\/wp-json\/wp\/v2\/media?parent=309"}],"curies":[{"name":"wp","href":"https:\/\/api.w.org\/{rel}","templated":true}]}}