{"id":283,"date":"2023-09-01T08:40:28","date_gmt":"2023-09-01T05:40:28","guid":{"rendered":"https:\/\/gorselmakina.com\/?page_id=283"},"modified":"2023-09-01T08:42:46","modified_gmt":"2023-09-01T05:42:46","slug":"25-30-35bh-9","status":"publish","type":"page","link":"https:\/\/gorselmakina.com\/index.php\/urunlerimiz\/hyundai-elektrikli-forklift\/25-30-35bh-9\/","title":{"rendered":"25\/30\/35BH-9"},"content":{"rendered":"\t\t<div data-elementor-type=\"wp-page\" data-elementor-id=\"283\" class=\"elementor elementor-283\" data-elementor-post-type=\"page\">\n\t\t\t\t\t\t<section class=\"elementor-section elementor-top-section elementor-element elementor-element-67aa8c8 elementor-section-height-min-height elementor-section-boxed elementor-section-height-default elementor-section-items-middle\" data-id=\"67aa8c8\" data-element_type=\"section\" data-e-type=\"section\" data-settings=\"{&quot;background_background&quot;:&quot;classic&quot;}\">\n\t\t\t\t\t\t<div class=\"elementor-container elementor-column-gap-default\">\n\t\t\t\t\t<div class=\"elementor-column elementor-col-100 elementor-top-column elementor-element elementor-element-3340309d\" data-id=\"3340309d\" data-element_type=\"column\" data-e-type=\"column\">\n\t\t\t<div class=\"elementor-widget-wrap elementor-element-populated\">\n\t\t\t\t\t\t<div class=\"elementor-element elementor-element-2e689a07 elementor-widget elementor-widget-text-editor\" data-id=\"2e689a07\" data-element_type=\"widget\" data-e-type=\"widget\" data-widget_type=\"text-editor.default\">\n\t\t\t\t<div class=\"elementor-widget-container\">\n\t\t\t\t\t\t\t\t\t<p><a href=\"https:\/\/gorselmakina.com\/\">Ana Sayfa<\/a> &#8211; <a href=\"https:\/\/gorselmakina.com\/index.php\/urunlerimiz\/\">\u00dcr\u00fcnlerimiz<\/a> &#8211; Hyundai Elektrikli Forklift<\/p>\t\t\t\t\t\t\t\t<\/div>\n\t\t\t\t<\/div>\n\t\t\t\t\t<\/div>\n\t\t<\/div>\n\t\t\t\t\t<\/div>\n\t\t<\/section>\n\t\t\t\t<section class=\"elementor-section elementor-top-section elementor-element elementor-element-f210001 elementor-section-boxed elementor-section-height-default elementor-section-height-default\" data-id=\"f210001\" data-element_type=\"section\" data-e-type=\"section\">\n\t\t\t\t\t\t<div class=\"elementor-container elementor-column-gap-default\">\n\t\t\t\t\t<div class=\"elementor-column elementor-col-50 elementor-top-column elementor-element elementor-element-45d2ac2\" data-id=\"45d2ac2\" data-element_type=\"column\" data-e-type=\"column\">\n\t\t\t<div class=\"elementor-widget-wrap elementor-element-populated\">\n\t\t\t\t\t\t<div class=\"elementor-element elementor-element-3c92e4e elementor-widget elementor-widget-heading\" data-id=\"3c92e4e\" data-element_type=\"widget\" data-e-type=\"widget\" data-widget_type=\"heading.default\">\n\t\t\t\t<div class=\"elementor-widget-container\">\n\t\t\t\t\t<h3 class=\"elementor-heading-title elementor-size-default\">HYUNDAI 25\/30\/35BH-9\n<\/h3>\t\t\t\t<\/div>\n\t\t\t\t<\/div>\n\t\t\t\t<div class=\"elementor-element elementor-element-a1e905a elementor-widget elementor-widget-image-gallery\" data-id=\"a1e905a\" data-element_type=\"widget\" data-e-type=\"widget\" data-widget_type=\"image-gallery.default\">\n\t\t\t\t<div class=\"elementor-widget-container\">\n\t\t\t\t\t\t\t<div class=\"elementor-image-gallery\">\n\t\t\t<div id='gallery-1' class='gallery galleryid-283 gallery-columns-4 gallery-size-thumbnail'><figure class='gallery-item'>\n\t\t\t<div class='gallery-icon landscape'>\n\t\t\t\t<a data-elementor-open-lightbox=\"yes\" data-elementor-lightbox-slideshow=\"a1e905a\" data-elementor-lightbox-title=\"35BH-side-view\" data-e-action-hash=\"#elementor-action%3Aaction%3Dlightbox%26settings%3DeyJpZCI6MjQ0LCJ1cmwiOiJodHRwczpcL1wvZ29yc2VsbWFraW5hLmNvbVwvd3AtY29udGVudFwvdXBsb2Fkc1wvMjAyM1wvMDlcLzM1Qkgtc2lkZS12aWV3LmpwZWciLCJzbGlkZXNob3ciOiJhMWU5MDVhIn0%3D\" href='https:\/\/gorselmakina.com\/wp-content\/uploads\/2023\/09\/35BH-side-view.jpeg'><img decoding=\"async\" width=\"150\" height=\"150\" src=\"https:\/\/gorselmakina.com\/wp-content\/uploads\/2023\/09\/35BH-side-view-150x150.jpeg\" class=\"attachment-thumbnail size-thumbnail\" alt=\"\" \/><\/a>\n\t\t\t<\/div><\/figure>\n\t\t<\/div>\n\t\t<\/div>\n\t\t\t\t\t\t<\/div>\n\t\t\t\t<\/div>\n\t\t\t\t<div class=\"elementor-element elementor-element-107baa2 elementor-icon-list--layout-inline elementor-align-center elementor-list-item-link-full_width elementor-widget elementor-widget-icon-list\" data-id=\"107baa2\" data-element_type=\"widget\" data-e-type=\"widget\" data-widget_type=\"icon-list.default\">\n\t\t\t\t<div class=\"elementor-widget-container\">\n\t\t\t\t\t\t\t<ul class=\"elementor-icon-list-items elementor-inline-items\">\n\t\t\t\t\t\t\t<li class=\"elementor-icon-list-item elementor-inline-item\">\n\t\t\t\t\t\t\t\t\t\t\t<span class=\"elementor-icon-list-icon\">\n\t\t\t\t\t\t\t<i aria-hidden=\"true\" class=\"fas fa-weight-hanging\"><\/i>\t\t\t\t\t\t<\/span>\n\t\t\t\t\t\t\t\t\t\t<span class=\"elementor-icon-list-text\">2,5 t - 3,2 t<\/span>\n\t\t\t\t\t\t\t\t\t<\/li>\n\t\t\t\t\t\t\t\t<li class=\"elementor-icon-list-item elementor-inline-item\">\n\t\t\t\t\t\t\t\t\t\t\t<span class=\"elementor-icon-list-icon\">\n\t\t\t\t\t\t\t<i aria-hidden=\"true\" class=\"fas fa-arrows-alt-h\"><\/i>\t\t\t\t\t\t<\/span>\n\t\t\t\t\t\t\t\t\t\t<span class=\"elementor-icon-list-text\">3,005 m - 7,915 m<\/span>\n\t\t\t\t\t\t\t\t\t<\/li>\n\t\t\t\t\t\t<\/ul>\n\t\t\t\t\t\t<\/div>\n\t\t\t\t<\/div>\n\t\t\t\t<div class=\"elementor-element elementor-element-06e5a9b elementor-widget elementor-widget-text-editor\" data-id=\"06e5a9b\" data-element_type=\"widget\" data-e-type=\"widget\" data-widget_type=\"text-editor.default\">\n\t\t\t\t<div class=\"elementor-widget-container\">\n\t\t\t\t\t\t\t\t\t<p>Hyundai 9 Serisi yeni ak\u00fcl\u00fc forkliftleri sunar. Yeni tasar\u0131m forkliftler operat\u00f6rlere konforlu bir s\u00fcr\u00fc\u015f, geli\u015ftirilmi\u015f verimlilik ve bak\u0131m kolayl\u0131\u011f\u0131 sa\u011flar. Verimli ve sorunsuz \u00e7al\u0131\u015fma, g\u00fc\u00e7l\u00fc performans \u00fcretkenli\u011finizi daha da att\u0131r\u0131r. Ayr\u0131ca yeni 9 serisi Hyundai forkliftlerin geli\u015ftirilmi\u015f g\u00fcvenlik ve iyile\u015ftirilmi\u015f ergonomisi, hem operat\u00f6r\u00fc hemde operasyonun g\u00fcvenli\u011fini d\u00fc\u015f\u00fcn\u00fclerek tasarlanm\u0131\u015ft\u0131r.<\/p><ul><li>Maksimum performans<\/li><li>Rahat \u00e7al\u0131\u015fma alan\u0131<\/li><li>Parmak ucu kontroll\u00fc mini kollar (OPS)<\/li><li>Y\u00fck a\u011f\u0131rl\u0131\u011f\u0131 g\u00f6stergesi\u00a0(OPS)<\/li><li>yan taraftan ak\u00fc y\u00fckleme sistemi<\/li><li>Viraj kontrol\u00fc<\/li><\/ul><p>\u00a0<\/p><div class=\"row\"><div class=\"col-lg-6 mb-3\">\u00a0<\/div><\/div>\t\t\t\t\t\t\t\t<\/div>\n\t\t\t\t<\/div>\n\t\t\t\t\t<\/div>\n\t\t<\/div>\n\t\t\t\t<div class=\"elementor-column elementor-col-50 elementor-top-column elementor-element elementor-element-caa276a\" data-id=\"caa276a\" data-element_type=\"column\" data-e-type=\"column\">\n\t\t\t<div class=\"elementor-widget-wrap elementor-element-populated\">\n\t\t\t\t\t\t<section class=\"elementor-section elementor-inner-section elementor-element elementor-element-7546565 elementor-section-boxed elementor-section-height-default elementor-section-height-default\" data-id=\"7546565\" data-element_type=\"section\" data-e-type=\"section\">\n\t\t\t\t\t\t<div class=\"elementor-container elementor-column-gap-default\">\n\t\t\t\t\t<div class=\"elementor-column elementor-col-100 elementor-inner-column elementor-element elementor-element-4c3eca0\" data-id=\"4c3eca0\" data-element_type=\"column\" data-e-type=\"column\" data-settings=\"{&quot;background_background&quot;:&quot;classic&quot;}\">\n\t\t\t<div class=\"elementor-widget-wrap elementor-element-populated\">\n\t\t\t\t\t\t<div class=\"elementor-element elementor-element-3cef35d elementor-widget elementor-widget-heading\" data-id=\"3cef35d\" data-element_type=\"widget\" data-e-type=\"widget\" data-widget_type=\"heading.default\">\n\t\t\t\t<div class=\"elementor-widget-container\">\n\t\t\t\t\t<h3 class=\"elementor-heading-title elementor-size-default\">\u00dcr\u00fcnlerimiz<\/h3>\t\t\t\t<\/div>\n\t\t\t\t<\/div>\n\t\t\t\t<div class=\"elementor-element elementor-element-0976a91 elementor-icon-list--layout-traditional elementor-list-item-link-full_width elementor-widget elementor-widget-icon-list\" data-id=\"0976a91\" data-element_type=\"widget\" data-e-type=\"widget\" data-widget_type=\"icon-list.default\">\n\t\t\t\t<div class=\"elementor-widget-container\">\n\t\t\t\t\t\t\t<ul class=\"elementor-icon-list-items\">\n\t\t\t\t\t\t\t<li class=\"elementor-icon-list-item\">\n\t\t\t\t\t\t\t\t\t\t\t<a href=\"https:\/\/gorselmakina.com\/index.php\/urunlerimiz\/hyundai-elektrikli-forklift\/\">\n\n\t\t\t\t\t\t\t\t\t\t\t\t<span class=\"elementor-icon-list-icon\">\n\t\t\t\t\t\t\t<i aria-hidden=\"true\" class=\"far fa-plus-square\"><\/i>\t\t\t\t\t\t<\/span>\n\t\t\t\t\t\t\t\t\t\t<span class=\"elementor-icon-list-text\">Hyundai Elektriki Forklift<\/span>\n\t\t\t\t\t\t\t\t\t\t\t<\/a>\n\t\t\t\t\t\t\t\t\t<\/li>\n\t\t\t\t\t\t\t\t<li class=\"elementor-icon-list-item\">\n\t\t\t\t\t\t\t\t\t\t\t<a href=\"https:\/\/gorselmakina.com\/index.php\/urunlerimiz\/hyundai-dizel-forklift\/\">\n\n\t\t\t\t\t\t\t\t\t\t\t\t<span class=\"elementor-icon-list-icon\">\n\t\t\t\t\t\t\t<i aria-hidden=\"true\" class=\"far fa-plus-square\"><\/i>\t\t\t\t\t\t<\/span>\n\t\t\t\t\t\t\t\t\t\t<span class=\"elementor-icon-list-text\">Hyundai Dizel Foklift<\/span>\n\t\t\t\t\t\t\t\t\t\t\t<\/a>\n\t\t\t\t\t\t\t\t\t<\/li>\n\t\t\t\t\t\t\t\t<li class=\"elementor-icon-list-item\">\n\t\t\t\t\t\t\t\t\t\t\t<a href=\"https:\/\/gorselmakina.com\/index.php\/urunlerimiz\/hyundai-lpg-forklift\/\">\n\n\t\t\t\t\t\t\t\t\t\t\t\t<span class=\"elementor-icon-list-icon\">\n\t\t\t\t\t\t\t<i aria-hidden=\"true\" class=\"far fa-plus-square\"><\/i>\t\t\t\t\t\t<\/span>\n\t\t\t\t\t\t\t\t\t\t<span class=\"elementor-icon-list-text\">Hyundai LPG Forklift<\/span>\n\t\t\t\t\t\t\t\t\t\t\t<\/a>\n\t\t\t\t\t\t\t\t\t<\/li>\n\t\t\t\t\t\t\t\t<li class=\"elementor-icon-list-item\">\n\t\t\t\t\t\t\t\t\t\t\t<a href=\"http:\/\/elektr\">\n\n\t\t\t\t\t\t\t\t\t\t\t\t<span class=\"elementor-icon-list-icon\">\n\t\t\t\t\t\t\t<i aria-hidden=\"true\" class=\"far fa-plus-square\"><\/i>\t\t\t\t\t\t<\/span>\n\t\t\t\t\t\t\t\t\t\t<span class=\"elementor-icon-list-text\">Hyundai Elektrikli \u0130stifleyici<\/span>\n\t\t\t\t\t\t\t\t\t\t\t<\/a>\n\t\t\t\t\t\t\t\t\t<\/li>\n\t\t\t\t\t\t<\/ul>\n\t\t\t\t\t\t<\/div>\n\t\t\t\t<\/div>\n\t\t\t\t\t<\/div>\n\t\t<\/div>\n\t\t\t\t\t<\/div>\n\t\t<\/section>\n\t\t\t\t\t<\/div>\n\t\t<\/div>\n\t\t\t\t\t<\/div>\n\t\t<\/section>\n\t\t\t\t<\/div>\n\t\t","protected":false},"excerpt":{"rendered":"<p>Ana Sayfa &#8211; \u00dcr\u00fcnlerimiz &#8211; Hyundai Elektrikli Forklift HYUNDAI 25\/30\/35BH-9 2,5 t &#8211; 3,2 t 3,005 m &#8211; 7,915 m Hyundai 9 Serisi yeni ak\u00fcl\u00fc forkliftleri sunar. Yeni tasar\u0131m forkliftler operat\u00f6rlere konforlu bir s\u00fcr\u00fc\u015f, geli\u015ftirilmi\u015f verimlilik ve bak\u0131m kolayl\u0131\u011f\u0131 sa\u011flar. Verimli ve sorunsuz \u00e7al\u0131\u015fma, g\u00fc\u00e7l\u00fc performans \u00fcretkenli\u011finizi daha da att\u0131r\u0131r. Ayr\u0131ca yeni 9 serisi Hyundai &hellip; <\/p>\n<p class=\"link-more\"><a href=\"https:\/\/gorselmakina.com\/index.php\/urunlerimiz\/hyundai-elektrikli-forklift\/25-30-35bh-9\/\" class=\"more-link\">Okumaya devam et<span class=\"screen-reader-text\"> &#8220;25\/30\/35BH-9&#8221;<\/span><\/a><\/p>\n","protected":false},"author":1,"featured_media":0,"parent":173,"menu_order":0,"comment_status":"closed","ping_status":"closed","template":"elementor_header_footer","meta":{"footnotes":""},"class_list":["post-283","page","type-page","status-publish","hentry","entry"],"_links":{"self":[{"href":"https:\/\/gorselmakina.com\/index.php\/wp-json\/wp\/v2\/pages\/283","targetHints":{"allow":["GET"]}}],"collection":[{"href":"https:\/\/gorselmakina.com\/index.php\/wp-json\/wp\/v2\/pages"}],"about":[{"href":"https:\/\/gorselmakina.com\/index.php\/wp-json\/wp\/v2\/types\/page"}],"author":[{"embeddable":true,"href":"https:\/\/gorselmakina.com\/index.php\/wp-json\/wp\/v2\/users\/1"}],"replies":[{"embeddable":true,"href":"https:\/\/gorselmakina.com\/index.php\/wp-json\/wp\/v2\/comments?post=283"}],"version-history":[{"count":4,"href":"https:\/\/gorselmakina.com\/index.php\/wp-json\/wp\/v2\/pages\/283\/revisions"}],"predecessor-version":[{"id":293,"href":"https:\/\/gorselmakina.com\/index.php\/wp-json\/wp\/v2\/pages\/283\/revisions\/293"}],"up":[{"embeddable":true,"href":"https:\/\/gorselmakina.com\/index.php\/wp-json\/wp\/v2\/pages\/173"}],"wp:attachment":[{"href":"https:\/\/gorselmakina.com\/index.php\/wp-json\/wp\/v2\/media?parent=283"}],"curies":[{"name":"wp","href":"https:\/\/api.w.org\/{rel}","templated":true}]}}